{"id":2,"date":"2024-10-09T13:08:00","date_gmt":"2024-10-09T13:08:00","guid":{"rendered":"https:\/\/cdcc.uprrp.edu\/wordpress\/?page_id=2"},"modified":"2025-03-13T02:51:14","modified_gmt":"2025-03-13T02:51:14","slug":"nosotros","status":"publish","type":"page","link":"https:\/\/cdcc.uprrp.edu\/index.php\/nosotros\/","title":{"rendered":"Nuestro Equipo"},"content":{"rendered":"\n<section id=\"wp-block-themeisle-blocks-advanced-columns-6e7afea9\" class=\"wp-block-themeisle-blocks-advanced-columns alignfull has-1-columns has-desktop-equal-layout has-tablet-equal-layout has-mobile-equal-layout has-vertical-flex-start has-light-bg\"><div class=\"wp-block-themeisle-blocks-advanced-columns-overlay\"><\/div><div class=\"innerblocks-wrap\">\n<div id=\"wp-block-themeisle-blocks-advanced-column-c4b71378\" class=\"wp-block-themeisle-blocks-advanced-column\">\n<section id=\"wp-block-themeisle-blocks-advanced-columns-c9de47f3\" class=\"wp-block-themeisle-blocks-advanced-columns has-2-columns has-desktop-equal-layout has-tablet-equal-layout has-mobile-collapsedRows-layout has-vertical-center\"><div class=\"wp-block-themeisle-blocks-advanced-columns-overlay\"><\/div><div class=\"innerblocks-wrap\">\n<div id=\"wp-block-themeisle-blocks-advanced-column-8efaaa45\" class=\"wp-block-themeisle-blocks-advanced-column\">\n<h2 class=\"wp-block-heading has-text-align-left has-text-color has-link-color wp-elements-3261db5383c96ceb80b9c39e2110351b\" style=\"color:#080808\">Sobre Nosotros<\/h2>\n\n\n\n<p class=\"has-text-color has-link-color wp-elements-380fb762ec6959244ca83d392d31393a\" style=\"color:#080808\">El Centro de Desarrollo y Consultor\u00eda Computacional est\u00e1 compuesto por profesores y estudiantes del departamento de Ciencia de C\u00f3mputos de la Universidad de Puerto Rico Recinto de R\u00edo Piedras. <\/p>\n\n\n\n<p class=\"has-text-color has-link-color wp-elements-39f8f97f455f0a325b26d845822d60ca\" style=\"color:#080808\">Nuestra meta es aportar al desarrollo computacional de la Universidad y de Puerto Rico al proveer servicios al d\u00eda, de calidad y con precios accesibles, a la misma vez que se le ofrece experiencias pr\u00e1cticas a los estudiantes del departamento de Ciencia de C\u00f3mputos.<\/p>\n<\/div>\n\n\n\n<div id=\"wp-block-themeisle-blocks-advanced-column-1a3e76e1\" class=\"wp-block-themeisle-blocks-advanced-column\">\n<figure class=\"wp-block-image size-large\"><img loading=\"lazy\" decoding=\"async\" width=\"1024\" height=\"768\" src=\"https:\/\/cdcc.uprrp.edu\/wp-content\/uploads\/2025\/03\/cdcc_students-1-1024x768.jpg\" alt=\"\" class=\"wp-image-273\" srcset=\"https:\/\/cdcc.uprrp.edu\/wp-content\/uploads\/2025\/03\/cdcc_students-1-1024x768.jpg 1024w, https:\/\/cdcc.uprrp.edu\/wp-content\/uploads\/2025\/03\/cdcc_students-1-300x225.jpg 300w, https:\/\/cdcc.uprrp.edu\/wp-content\/uploads\/2025\/03\/cdcc_students-1-768x576.jpg 768w, https:\/\/cdcc.uprrp.edu\/wp-content\/uploads\/2025\/03\/cdcc_students-1-1536x1152.jpg 1536w, https:\/\/cdcc.uprrp.edu\/wp-content\/uploads\/2025\/03\/cdcc_students-1.jpg 1600w\" sizes=\"auto, (max-width: 1024px) 100vw, 1024px\" \/><\/figure>\n<\/div>\n<\/div><\/section>\n<\/div>\n<\/div><\/section>\n\n\n\n<section id=\"wp-block-themeisle-blocks-advanced-columns-dab9e0bf\" class=\"wp-block-themeisle-blocks-advanced-columns alignfull has-1-columns has-desktop-equal-layout has-tablet-equal-layout has-mobile-equal-layout has-vertical-flex-start has-light-bg\"><div class=\"wp-block-themeisle-blocks-advanced-columns-overlay\"><\/div><div class=\"innerblocks-wrap\">\n<div id=\"wp-block-themeisle-blocks-advanced-column-9df22226\" class=\"wp-block-themeisle-blocks-advanced-column\">\n<section id=\"wp-block-themeisle-blocks-advanced-columns-25c95699\" class=\"wp-block-themeisle-blocks-advanced-columns has-1-columns has-desktop-equal-layout has-tablet-equal-layout has-mobile-equal-layout has-vertical-flex-start\"><div class=\"wp-block-themeisle-blocks-advanced-columns-overlay\"><\/div><div class=\"innerblocks-wrap\">\n<div id=\"wp-block-themeisle-blocks-advanced-column-d4d9a4f8\" class=\"wp-block-themeisle-blocks-advanced-column\">\n<h2 class=\"wp-block-heading has-text-align-center has-text-color has-link-color wp-elements-05b5d41c161c55c395f0e56867a3d626\" style=\"color:#080808\">Nuestro Equipo<\/h2>\n<\/div>\n<\/div><\/section>\n\n\n\n<section id=\"wp-block-themeisle-blocks-advanced-columns-b56443a0\" class=\"wp-block-themeisle-blocks-advanced-columns has-3-columns has-desktop-equal-layout has-tablet-equal-layout has-mobile-collapsedRows-layout has-vertical-flex-start\"><div class=\"wp-block-themeisle-blocks-advanced-columns-overlay\"><\/div><div class=\"innerblocks-wrap\">\n<div id=\"wp-block-themeisle-blocks-advanced-column-1bb9ffb4\" class=\"wp-block-themeisle-blocks-advanced-column\">\n<figure class=\"wp-block-image size-full is-resized\"><img loading=\"lazy\" decoding=\"async\" width=\"800\" height=\"800\" src=\"http:\/\/cdcc.uprrp.edu\/wp-content\/uploads\/2024\/11\/cheopfp.jpeg\" alt=\"\" class=\"wp-image-223\" style=\"object-fit:cover;width:305px;height:auto\"\/><\/figure>\n\n\n\n<div style=\"height:16px\" aria-hidden=\"true\" class=\"wp-block-spacer\"><\/div>\n\n\n\n<h3 class=\"wp-block-heading has-text-align-center has-text-color has-link-color wp-elements-19b11bf442a238ea3b4db182168372ae\" style=\"color:#080808;margin-top:0px\">Dr. Jos\u00e9 Ortiz Ubarri<\/h3>\n\n\n\n<div id=\"wp-block-themeisle-blocks-advanced-heading-975f3e9c\" class=\"wp-block-themeisle-blocks-advanced-heading wp-block-themeisle-blocks-advanced-heading-975f3e9c\"><strong>Director<\/strong><\/div>\n\n\n\n<p class=\"has-text-align-center has-text-color has-link-color wp-elements-07cd7f6211431bc0200437ca6053544f\" style=\"color:#080808\">Catedr\u00e1tico, Deptartamento de <\/p>\n\n\n\n<p class=\"has-text-align-center has-text-color has-link-color wp-elements-4f0990659ec2f442ce60a11475b229b6\" style=\"color:#080808\">Ciencia de C\u00f3mputos<\/p>\n<\/div>\n\n\n\n<div id=\"wp-block-themeisle-blocks-advanced-column-e0a218d6\" class=\"wp-block-themeisle-blocks-advanced-column\">\n<figure class=\"wp-block-image aligncenter size-full is-resized\"><img loading=\"lazy\" decoding=\"async\" width=\"587\" height=\"683\" src=\"http:\/\/cdcc.uprrp.edu\/wp-content\/uploads\/2024\/11\/corradapfp.jpg\" alt=\"\" class=\"wp-image-222\" style=\"aspect-ratio:1;object-fit:cover;width:303px;height:auto\"\/><\/figure>\n\n\n\n<div style=\"height:16px\" aria-hidden=\"true\" class=\"wp-block-spacer\"><\/div>\n\n\n\n<h3 class=\"wp-block-heading has-text-align-center has-text-color has-link-color wp-elements-3ee154244a1b80cf44736246152a7dd7\" style=\"color:#080808;margin-top:0px\">Dr. Carlos Corrada <\/h3>\n\n\n\n<div id=\"wp-block-themeisle-blocks-advanced-heading-6379101e\" class=\"wp-block-themeisle-blocks-advanced-heading wp-block-themeisle-blocks-advanced-heading-6379101e\"><strong>Sub director<\/strong><\/div>\n\n\n\n<p class=\"has-text-align-center has-text-color has-link-color wp-elements-b1c5c3c198fdffcab85289783eac61ec\" style=\"color:#080808\">Catedr\u00e1tico, Departamento de <\/p>\n\n\n\n<p class=\"has-text-align-center has-text-color has-link-color wp-elements-4f0990659ec2f442ce60a11475b229b6\" style=\"color:#080808\">Ciencia de C\u00f3mputos<\/p>\n<\/div>\n\n\n\n<div id=\"wp-block-themeisle-blocks-advanced-column-c1c7a0fc\" class=\"wp-block-themeisle-blocks-advanced-column\">\n<figure class=\"wp-block-image size-full is-resized\"><img loading=\"lazy\" decoding=\"async\" width=\"642\" height=\"638\" src=\"https:\/\/cdcc.uprrp.edu\/wp-content\/uploads\/2024\/11\/bpfp.jpg\" alt=\"\" class=\"wp-image-221\" style=\"width:309px;height:auto\"\/><\/figure>\n\n\n\n<div style=\"height:16px\" aria-hidden=\"true\" class=\"wp-block-spacer\"><\/div>\n\n\n\n<h3 class=\"wp-block-heading has-text-align-center has-text-color has-link-color wp-elements-f49f3cb38128aca00ccdc840e7abb272\" style=\"color:#080808;margin-top:0px\">Estudiantes <\/h3>\n\n\n\n<div id=\"wp-block-themeisle-blocks-advanced-heading-d0a7496a\" class=\"wp-block-themeisle-blocks-advanced-heading wp-block-themeisle-blocks-advanced-heading-d0a7496a\"><strong>Desarolladores<\/strong><\/div>\n\n\n\n<p class=\"has-text-align-center has-text-color has-link-color wp-elements-6ded6ca8a060f11cca6fe43964dbc939\" style=\"color:#080808\">Estudiantes Departamento de<\/p>\n\n\n\n<p class=\"has-text-align-center has-text-color has-link-color wp-elements-4f0990659ec2f442ce60a11475b229b6\" style=\"color:#080808\">Ciencia de C\u00f3mputos<\/p>\n<\/div>\n<\/div><\/section>\n<\/div>\n<\/div><\/section>\n\n\n\n<p><\/p>\n","protected":false},"excerpt":{"rendered":"","protected":false},"author":1,"featured_media":0,"parent":0,"menu_order":0,"comment_status":"closed","ping_status":"closed","template":"","meta":{"_themeisle_gutenberg_block_has_review":false,"footnotes":""},"class_list":["post-2","page","type-page","status-publish","hentry"],"_links":{"self":[{"href":"https:\/\/cdcc.uprrp.edu\/index.php\/wp-json\/wp\/v2\/pages\/2","targetHints":{"allow":["GET"]}}],"collection":[{"href":"https:\/\/cdcc.uprrp.edu\/index.php\/wp-json\/wp\/v2\/pages"}],"about":[{"href":"https:\/\/cdcc.uprrp.edu\/index.php\/wp-json\/wp\/v2\/types\/page"}],"author":[{"embeddable":true,"href":"https:\/\/cdcc.uprrp.edu\/index.php\/wp-json\/wp\/v2\/users\/1"}],"replies":[{"embeddable":true,"href":"https:\/\/cdcc.uprrp.edu\/index.php\/wp-json\/wp\/v2\/comments?post=2"}],"version-history":[{"count":11,"href":"https:\/\/cdcc.uprrp.edu\/index.php\/wp-json\/wp\/v2\/pages\/2\/revisions"}],"predecessor-version":[{"id":275,"href":"https:\/\/cdcc.uprrp.edu\/index.php\/wp-json\/wp\/v2\/pages\/2\/revisions\/275"}],"wp:attachment":[{"href":"https:\/\/cdcc.uprrp.edu\/index.php\/wp-json\/wp\/v2\/media?parent=2"}],"curies":[{"name":"wp","href":"https:\/\/api.w.org\/{rel}","templated":true}]}}