{"id":112,"date":"2024-10-24T21:43:19","date_gmt":"2024-10-24T21:43:19","guid":{"rendered":"https:\/\/cdcc.uprrp.edu\/wordpress\/?page_id=112"},"modified":"2025-06-05T14:19:22","modified_gmt":"2025-06-05T14:19:22","slug":"proyectos","status":"publish","type":"page","link":"https:\/\/cdcc.uprrp.edu\/index.php\/proyectos\/","title":{"rendered":"Proyectos"},"content":{"rendered":"\n<p><\/p>\n\n\n\n<h2 class=\"wp-block-heading\">Molenium &#8211; Instrumentation Repository<\/h2>\n\n\n\n<figure class=\"wp-block-image size-large\"><img loading=\"lazy\" decoding=\"async\" width=\"1024\" height=\"465\" src=\"https:\/\/cdcc.uprrp.edu\/wp-content\/uploads\/2025\/03\/Screenshot-5-1024x465.png\" alt=\"\" class=\"wp-image-281\" srcset=\"https:\/\/cdcc.uprrp.edu\/wp-content\/uploads\/2025\/03\/Screenshot-5-1024x465.png 1024w, https:\/\/cdcc.uprrp.edu\/wp-content\/uploads\/2025\/03\/Screenshot-5-300x136.png 300w, https:\/\/cdcc.uprrp.edu\/wp-content\/uploads\/2025\/03\/Screenshot-5-768x348.png 768w, https:\/\/cdcc.uprrp.edu\/wp-content\/uploads\/2025\/03\/Screenshot-5-1536x697.png 1536w, https:\/\/cdcc.uprrp.edu\/wp-content\/uploads\/2025\/03\/Screenshot-5-2048x929.png 2048w\" sizes=\"auto, (max-width: 1024px) 100vw, 1024px\" \/><\/figure>\n\n\n\n<p>Molenium es una aplicaci\u00f3n web que le facilita el acceso remoto a estudiantes e investigadores de los laboratorios del Departamento de Qu\u00edmica del Recinto de R\u00edo Piedras.<\/p>\n\n\n\n<p><\/p>\n\n\n\n<h3 class=\"wp-block-heading\">IUPI MAP<\/h3>\n\n\n\n<figure class=\"wp-block-image size-large is-resized\"><img loading=\"lazy\" decoding=\"async\" width=\"1821\" height=\"945\" src=\"https:\/\/cdcc.uprrp.edu\/wp-content\/uploads\/2024\/12\/iupimap2-edited.jpg\" alt=\"\" class=\"wp-image-238\" style=\"width:445px;height:auto\" srcset=\"https:\/\/cdcc.uprrp.edu\/wp-content\/uploads\/2024\/12\/iupimap2-edited.jpg 1821w, https:\/\/cdcc.uprrp.edu\/wp-content\/uploads\/2024\/12\/iupimap2-edited-300x156.jpg 300w, https:\/\/cdcc.uprrp.edu\/wp-content\/uploads\/2024\/12\/iupimap2-edited-1024x531.jpg 1024w, https:\/\/cdcc.uprrp.edu\/wp-content\/uploads\/2024\/12\/iupimap2-edited-768x399.jpg 768w, https:\/\/cdcc.uprrp.edu\/wp-content\/uploads\/2024\/12\/iupimap2-edited-1536x797.jpg 1536w\" sizes=\"auto, (max-width: 1821px) 100vw, 1821px\" \/><\/figure>\n\n\n\n<p>Una aplicaci\u00f3n m\u00f3vil con el mapa del campus de la UPR &#8211; R\u00edo Piedras, con informaci\u00f3n de los edificios y puntos de inter\u00e9s del recinto, d\u00e1ndole al usuario las rutas de como llegar a estos.<\/p>\n\n\n\n<p><\/p>\n\n\n\n<h2 class=\"wp-block-heading\">PADE<\/h2>\n\n\n\n<figure class=\"wp-block-gallery has-nested-images columns-default is-cropped wp-block-gallery-1 is-layout-flex wp-block-gallery-is-layout-flex\">\n<figure class=\"wp-block-image size-full\"><img loading=\"lazy\" decoding=\"async\" width=\"1915\" height=\"595\" data-id=\"189\" src=\"https:\/\/cdcc.uprrp.edu\/wp-content\/uploads\/2024\/10\/Screenshot-2024-10-30-145857.png\" alt=\"\" class=\"wp-image-189\"\/><\/figure>\n<\/figure>\n\n\n\n<p>Programa de Profesionalizaci\u00f3n Acelerada Departamento de Educaci\u00f3n. Desarrollamos el sistema de matr\u00edcula de los cursos disponibles de los recintos de la UPR para los maestros participantes del programa, as\u00ed como una interfase administrativa y un dashboard.<br><\/p>\n\n\n\n<p><\/p>\n\n\n\n<p><\/p>\n\n\n\n<h2 class=\"wp-block-heading\">IDEstudiantil<\/h2>\n\n\n\n<figure class=\"wp-block-image size-full is-resized\"><img loading=\"lazy\" decoding=\"async\" width=\"2830\" height=\"1087\" src=\"http:\/\/cdcc.uprrp.edu\/wp-content\/uploads\/2024\/12\/Screenshot-2024-10-25-104219-min.png\" alt=\"\" class=\"wp-image-239\" style=\"width:739px;height:auto\" srcset=\"https:\/\/cdcc.uprrp.edu\/wp-content\/uploads\/2024\/12\/Screenshot-2024-10-25-104219-min.png 2830w, https:\/\/cdcc.uprrp.edu\/wp-content\/uploads\/2024\/12\/Screenshot-2024-10-25-104219-min-300x115.png 300w, https:\/\/cdcc.uprrp.edu\/wp-content\/uploads\/2024\/12\/Screenshot-2024-10-25-104219-min-1024x393.png 1024w, https:\/\/cdcc.uprrp.edu\/wp-content\/uploads\/2024\/12\/Screenshot-2024-10-25-104219-min-768x295.png 768w, https:\/\/cdcc.uprrp.edu\/wp-content\/uploads\/2024\/12\/Screenshot-2024-10-25-104219-min-1536x590.png 1536w, https:\/\/cdcc.uprrp.edu\/wp-content\/uploads\/2024\/12\/Screenshot-2024-10-25-104219-min-2048x787.png 2048w\" sizes=\"auto, (max-width: 2830px) 100vw, 2830px\" \/><\/figure>\n\n\n\n<p>Es una aplicaci\u00f3n que presenta a los estudiantes del recinto de R\u00edo Piedras, su ID estudiantil de manera digital.&nbsp; Tambi\u00e9n contiene un sistema de manejo de asistencia a eventos, donde el estudiante puede reportar su asistencia pasando su ID por un Lector de C\u00f3digo QR.<\/p>\n\n\n\n<p><\/p>\n\n\n\n<p><\/p>\n\n\n\n<h2 class=\"wp-block-heading\">TANIA<\/h2>\n\n\n\n<figure class=\"wp-block-image size-full\"><img loading=\"lazy\" decoding=\"async\" width=\"2845\" height=\"1284\" src=\"http:\/\/cdcc.uprrp.edu\/wp-content\/uploads\/2024\/10\/taniasc.png\" alt=\"\" class=\"wp-image-186\"\/><\/figure>\n\n\n\n<p>Momentary Assessments Research Learning Environments System. Desarrollado para el Departamento de Biolog\u00eda de la Universidad de Puerto Rico, Recinto de R\u00edo Piedras.<\/p>\n","protected":false},"excerpt":{"rendered":"<p>Molenium &#8211; Instrumentation Repository Molenium es una aplicaci\u00f3n web que le facilita el acceso remoto a estudiantes e investigadores de los laboratorios del Departamento de Qu\u00edmica del Recinto de R\u00edo Piedras. IUPI MAP Una aplicaci\u00f3n m\u00f3vil con el mapa del campus de la UPR &#8211; R\u00edo Piedras, con informaci\u00f3n de los edificios y puntos de [&hellip;]<\/p>\n","protected":false},"author":1,"featured_media":0,"parent":0,"menu_order":0,"comment_status":"closed","ping_status":"closed","template":"","meta":{"_themeisle_gutenberg_block_has_review":false,"footnotes":""},"class_list":["post-112","page","type-page","status-publish","hentry"],"_links":{"self":[{"href":"https:\/\/cdcc.uprrp.edu\/index.php\/wp-json\/wp\/v2\/pages\/112","targetHints":{"allow":["GET"]}}],"collection":[{"href":"https:\/\/cdcc.uprrp.edu\/index.php\/wp-json\/wp\/v2\/pages"}],"about":[{"href":"https:\/\/cdcc.uprrp.edu\/index.php\/wp-json\/wp\/v2\/types\/page"}],"author":[{"embeddable":true,"href":"https:\/\/cdcc.uprrp.edu\/index.php\/wp-json\/wp\/v2\/users\/1"}],"replies":[{"embeddable":true,"href":"https:\/\/cdcc.uprrp.edu\/index.php\/wp-json\/wp\/v2\/comments?post=112"}],"version-history":[{"count":15,"href":"https:\/\/cdcc.uprrp.edu\/index.php\/wp-json\/wp\/v2\/pages\/112\/revisions"}],"predecessor-version":[{"id":285,"href":"https:\/\/cdcc.uprrp.edu\/index.php\/wp-json\/wp\/v2\/pages\/112\/revisions\/285"}],"wp:attachment":[{"href":"https:\/\/cdcc.uprrp.edu\/index.php\/wp-json\/wp\/v2\/media?parent=112"}],"curies":[{"name":"wp","href":"https:\/\/api.w.org\/{rel}","templated":true}]}}